{"id":25,"date":"2021-02-21T12:08:06","date_gmt":"2021-02-21T12:08:06","guid":{"rendered":"https:\/\/bernayslab.com\/?page_id=25"},"modified":"2022-03-22T12:26:10","modified_gmt":"2022-03-22T12:26:10","slug":"sophia-page-site-settings","status":"publish","type":"page","link":"https:\/\/bernayslab.com\/","title":{"rendered":"SOPHIA: Page + Site Settings"},"content":{"rendered":"<p>Constru\u00edmos ideiasGeramos Resultados<br \/>\nBERNAYSLAB<br \/>\nAg\u00eancia de Comunica\u00e7\u00e3o e Inova\u00e7\u00e3o<\/p>\n<p><a href=\"#about\">Saiba Mais<\/a><a href=\"#services\">Servi\u00e7os<\/a><\/p>\n<p>Quem somos<br \/>\nPrimeiro o conceito. Depois a comunica\u00e7\u00e3o.<br \/>\nSomos uma ag\u00eancia full service, focada na criatividade e em dar resposta \u00e0s necessidades dos nossos clientes. Trabalhamos com organiza\u00e7\u00f5es dos setores p\u00fablico e privado na implementa\u00e7\u00e3o de estrat\u00e9gias de comunica\u00e7\u00e3o inovadoras e que geram impacto.<\/p>\n<p>Planeamento e Estrat\u00e9gia<br \/>\nDefini\u00e7\u00e3o da estrat\u00e9gia e das a\u00e7\u00f5es a desenvolver, de acordo com as necessidades e objetivos espec\u00edficos de quem nos consulta. .<\/p>\n<p>Desenvolvimento e Execu\u00e7\u00e3o<br \/>\nImplementa\u00e7\u00e3o da estrat\u00e9gia de comunica\u00e7\u00e3o definida. Em articula\u00e7\u00e3o e proximidade permanente com o nossos clientes. <\/p>\n<p>Resultados e Monitoriza\u00e7\u00e3o<br \/>\nAcompanhamento di\u00e1rio do processo de comunica\u00e7\u00e3o, antecipando oportunidades e situa\u00e7\u00f5es de conting\u00eancia.<\/p>\n<p><img src=\"https:\/\/bernayslab.com\/wp-content\/uploads\/2021\/02\/laptop-phone-marble-table.jpg\" \/><a href=\"#contact\">Fale Connosco<\/a><\/p>\n<p>Equipa<br \/>\nReunimos um conjunto de profissionais com mais de duas d\u00e9cadas de experi\u00eancia nas diferentes \u00e1reas de pr\u00e1tica da comunica\u00e7\u00e3o, tendo sido respons\u00e1veis, nos \u00faltimos anos, pela gest\u00e3o de alguns dos mais relevantes processos medi\u00e1ticos no nosso pa\u00eds.<\/p>\n<p>Contamos, igualmente, com uma rede de parceiros estrat\u00e9gicos, em \u00e1reas complementares \u00e0 atua\u00e7\u00e3o da Bernays, de forma a responder \u00e0s necessidades espec\u00edficas dos nossos clientes, em Portugal e no estrangeiro.<\/p>\n<p>O que fazemos<br \/>\nEstamos onde est\u00e1 o p\u00fablico-alvo dos nossos clientes.<br \/>\nA diversidade, cada vez maior, de novos canais de comunica\u00e7\u00e3o exige formas diferenciadas de comunicar. Na Bernays, desenvolvemos projetos de comunica\u00e7\u00e3o multiplataforma. De forma coerente, integrada e que geram valor acrescentado.<\/p>\n<p>Rela\u00e7\u00f5es P\u00fablicas<br \/>\nDesenvolvimento de Planos de Comunica\u00e7\u00e3o que contribuem para o reconhecimento e notoriedade. <\/p>\n<p>Assessoria de Imprensa<br \/>\n\tReputa\u00e7\u00e3o Estrat\u00e9gica<br \/>\n\tA\u00e7\u00f5es de Relacionamento<br \/>\n\tGest\u00e3o de Crises<br \/>\n\tPublica\u00e7\u00f5es<br \/>\n\tCampanhas Publicit\u00e1rias<\/p>\n<p>Marketing Digital<br \/>\nImplementa\u00e7\u00e3o de estrat\u00e9gias digitais que promovem a aproxima\u00e7\u00e3o aos p\u00fablicos alvo. <\/p>\n<p>Sites<br \/>\n\tE-Commerce<br \/>\n\tRedes Sociais<br \/>\n\tSEO and SEM<br \/>\n\tCampanhas Digitais<br \/>\n\tAplica\u00e7\u00f5es <\/p>\n<p>Conte\u00fados<br \/>\nProdu\u00e7\u00e3o e edi\u00e7\u00e3o de conte\u00fados multim\u00e9dia que criam visibilidade e exposi\u00e7\u00e3o org\u00e2nica.<\/p>\n<p>Design<br \/>\n\tStorytelling<br \/>\n\tV\u00eddeos<br \/>\n\tPodcasts<br \/>\n\tLive Streaming<br \/>\n\tRealidade Virtual<\/p>\n<p>Eventos<br \/>\nConce\u00e7\u00e3o e organiza\u00e7\u00e3o de grandes eventos que geram retorno e credibilidade. <\/p>\n<p>Congressos<br \/>\n\tConfer\u00eancias<br \/>\n\tExposi\u00e7\u00f5es<br \/>\n\tStands<br \/>\n\tWebinars e Eventos Virtuais<br \/>\n\tReuni\u00f5es Empresariais<\/p>\n<p>N\u00e3o dizemos mal dos jornalistasN\u00e3o comunicamos quem s\u00e3o os nossos clientesN\u00e3o deixamos de fazer, por medo de errarN\u00e3o falamos sobre a concorr\u00eanciaN\u00e3o gostamos de frases come\u00e7adas por n\u00e3o<\/p>\n<p>\u2014 Os cinco Mandamentos da Bernays\u2014 <\/p>\n<p>Contactos<br \/>\nMarque uma videocall com a nossa equipa.<\/p>\n<p>Tel.: + (351) 211 520 163<\/p>\n<p>Pra\u00e7a das Ind\u00fastrias<\/p>\n<p>Edif\u00edcio AIP<\/p>\n<p>1300-342 Lisboa<\/p>\n<p><a href=\"mailto:geral@ouraddress.com\">geral@bernayslab.com<\/a><br \/>\n<a href=\"http:\/\/www.ouraddress.com\">www.bernayslab.com<\/a><\/p>\n<p><a href=\"https:\/\/www.facebook.com\" target=\"_blank\" rel=\"noopener\"><\/a> <a href=\"https:\/\/twitter.com\/\"><\/a> <a href=\"https:\/\/soundcloud.com\/\" target=\"_blank\" rel=\"noopener\"><\/a><\/p>\n<p>&#916;<\/p>\n<p><a href=\"#\">Mapa<\/a><\/p>\n","protected":false},"excerpt":{"rendered":"<p class=\"excerpt\">Constru\u00edmos ideiasGeramos Resultados BERNAYSLAB Ag\u00eancia de Comunica\u00e7\u00e3o e Inova\u00e7\u00e3o Saiba MaisServi\u00e7os Quem somos Primeiro o conceito. Depois a comunica\u00e7\u00e3o. Somos uma ag\u00eancia full service, focada na criatividade e em dar resposta \u00e0s necessidades dos nossos clientes. Trabalhamos com organiza\u00e7\u00f5es dos setores p\u00fablico e privado na implementa\u00e7\u00e3o de estrat\u00e9gias de comunica\u00e7\u00e3o inovadoras e que geram impacto. [&hellip;]<\/p>\n","protected":false},"author":2,"featured_media":0,"parent":0,"menu_order":0,"comment_status":"closed","ping_status":"closed","template":"builder.php","meta":[],"_links":{"self":[{"href":"https:\/\/bernayslab.com\/index.php?rest_route=\/wp\/v2\/pages\/25"}],"collection":[{"href":"https:\/\/bernayslab.com\/index.php?rest_route=\/wp\/v2\/pages"}],"about":[{"href":"https:\/\/bernayslab.com\/index.php?rest_route=\/wp\/v2\/types\/page"}],"author":[{"embeddable":true,"href":"https:\/\/bernayslab.com\/index.php?rest_route=\/wp\/v2\/users\/2"}],"replies":[{"embeddable":true,"href":"https:\/\/bernayslab.com\/index.php?rest_route=%2Fwp%2Fv2%2Fcomments&post=25"}],"version-history":[{"count":144,"href":"https:\/\/bernayslab.com\/index.php?rest_route=\/wp\/v2\/pages\/25\/revisions"}],"predecessor-version":[{"id":398,"href":"https:\/\/bernayslab.com\/index.php?rest_route=\/wp\/v2\/pages\/25\/revisions\/398"}],"wp:attachment":[{"href":"https:\/\/bernayslab.com\/index.php?rest_route=%2Fwp%2Fv2%2Fmedia&parent=25"}],"curies":[{"name":"wp","href":"https:\/\/api.w.org\/{rel}","templated":true}]}}